{"id":12,"date":"2014-12-16T10:37:28","date_gmt":"2014-12-16T10:37:28","guid":{"rendered":"http:\/\/localhost:8080\/wordpress\/?page_id=12"},"modified":"2015-03-16T08:35:25","modified_gmt":"2015-03-16T08:35:25","slug":"termine","status":"publish","type":"page","link":"https:\/\/mgr-damien.fr\/?page_id=12","title":{"rendered":"Veranstaltungen"},"content":{"rendered":"<p>Pontifikalamt in der Regel jeden Sonntag um 10.30 Uhr. R\u00fcckfragen unter Telefonnummer&nbsp;00333 87952316&nbsp;zweckm\u00e4\u00dfig.<\/p>\n","protected":false},"excerpt":{"rendered":"<p>Pontifikalamt in der Regel jeden Sonntag um 10.30 Uhr. R\u00fcckfragen unter Telefonnummer&nbsp;00333 87952316&nbsp;zweckm\u00e4\u00dfig&#8230;.<\/p>\n","protected":false},"author":2,"featured_media":0,"parent":0,"menu_order":0,"comment_status":"open","ping_status":"open","template":"","meta":[],"_links":{"self":[{"href":"https:\/\/mgr-damien.fr\/index.php?rest_route=\/wp\/v2\/pages\/12"}],"collection":[{"href":"https:\/\/mgr-damien.fr\/index.php?rest_route=\/wp\/v2\/pages"}],"about":[{"href":"https:\/\/mgr-damien.fr\/index.php?rest_route=\/wp\/v2\/types\/page"}],"author":[{"embeddable":true,"href":"https:\/\/mgr-damien.fr\/index.php?rest_route=\/wp\/v2\/users\/2"}],"replies":[{"embeddable":true,"href":"https:\/\/mgr-damien.fr\/index.php?rest_route=%2Fwp%2Fv2%2Fcomments&post=12"}],"version-history":[{"count":10,"href":"https:\/\/mgr-damien.fr\/index.php?rest_route=\/wp\/v2\/pages\/12\/revisions"}],"predecessor-version":[{"id":223,"href":"https:\/\/mgr-damien.fr\/index.php?rest_route=\/wp\/v2\/pages\/12\/revisions\/223"}],"wp:attachment":[{"href":"https:\/\/mgr-damien.fr\/index.php?rest_route=%2Fwp%2Fv2%2Fmedia&parent=12"}],"curies":[{"name":"wp","href":"https:\/\/api.w.org\/{rel}","templated":true}]}}